{"id":72,"date":"2023-11-06T14:29:23","date_gmt":"2023-11-06T19:29:23","guid":{"rendered":"http:\/\/ingepens.com\/?page_id=72"},"modified":"2023-11-07T21:02:15","modified_gmt":"2023-11-08T02:02:15","slug":"administracion-y-gestion-proyecto-pasivocol","status":"publish","type":"page","link":"http:\/\/ingepens.com\/index.php\/administracion-y-gestion-proyecto-pasivocol\/","title":{"rendered":"Administraci\u00f3n y Gesti\u00f3n Proyecto PASIVOCOL"},"content":{"rendered":"\n<ul>\n<li>Atenci\u00f3n a los procesos, tr\u00e1mites y requerimientos de informaci\u00f3n con respecto a la estructuraci\u00f3n y actualizaci\u00f3n del proyecto de seguimiento y actualizaci\u00f3n de los c\u00e1lculos actuariales de los pasivos pensionales de la Entidad, proyecto PASIVOCOL versi\u00f3n 5.3 en adelante, a fecha de corte 31 de diciembre de 2023.<\/li>\n\n\n\n<li>Captura de la informaci\u00f3n laboral y salarial base para el c\u00e1lculo actuarial del pasivo pensional de la Entidad, personal activo, retirado, pensionados y beneficiarios de pensi\u00f3n.<\/li>\n\n\n\n<li>Presentaci\u00f3n de informes de avance y atenci\u00f3n de los requerimientos de informaci\u00f3n y observaciones que se presenten por parte de la Coordinaci\u00f3n Nacional de Pasivocol del Ministerio de Hacienda y Cr\u00e9dito.<\/li>\n\n\n\n<li>Identificaci\u00f3n de las posibles causales de depuraciones que se puedan hacer a la informaci\u00f3n registrada en el sistema y que puedan servir para disminuir el pasivo pensional de la entidad y su consecuente aumento en el cubrimiento porcentual del mismo, tales como: personal docente, redenci\u00f3n de bonos pensionales, reconocimientos de prestaciones econ\u00f3micas de vejez o invalidez sin carga a nuestra entidad, reconocimiento de indemnizaciones sustitutivas de vejez o sobrevivencia,&nbsp; reconocimiento de prestaciones econ\u00f3micas por vejez o invalidez por parte del Sistema General de Pensiones, personas fallecidas sin posibilidad de reclamaciones en materia pensional, registro de cuotas partes con cargo a otras entidades.<\/li>\n<\/ul>\n\n\n\n<p><\/p>\n","protected":false},"excerpt":{"rendered":"","protected":false},"author":1,"featured_media":88,"parent":0,"menu_order":0,"comment_status":"closed","ping_status":"closed","template":"","meta":{"footnotes":""},"_links":{"self":[{"href":"http:\/\/ingepens.com\/index.php\/wp-json\/wp\/v2\/pages\/72"}],"collection":[{"href":"http:\/\/ingepens.com\/index.php\/wp-json\/wp\/v2\/pages"}],"about":[{"href":"http:\/\/ingepens.com\/index.php\/wp-json\/wp\/v2\/types\/page"}],"author":[{"embeddable":true,"href":"http:\/\/ingepens.com\/index.php\/wp-json\/wp\/v2\/users\/1"}],"replies":[{"embeddable":true,"href":"http:\/\/ingepens.com\/index.php\/wp-json\/wp\/v2\/comments?post=72"}],"version-history":[{"count":3,"href":"http:\/\/ingepens.com\/index.php\/wp-json\/wp\/v2\/pages\/72\/revisions"}],"predecessor-version":[{"id":90,"href":"http:\/\/ingepens.com\/index.php\/wp-json\/wp\/v2\/pages\/72\/revisions\/90"}],"wp:featuredmedia":[{"embeddable":true,"href":"http:\/\/ingepens.com\/index.php\/wp-json\/wp\/v2\/media\/88"}],"wp:attachment":[{"href":"http:\/\/ingepens.com\/index.php\/wp-json\/wp\/v2\/media?parent=72"}],"curies":[{"name":"wp","href":"https:\/\/api.w.org\/{rel}","templated":true}]}}