{"id":69,"date":"2023-11-06T14:23:37","date_gmt":"2023-11-06T19:23:37","guid":{"rendered":"http:\/\/ingepens.com\/?page_id=69"},"modified":"2023-11-06T14:23:37","modified_gmt":"2023-11-06T19:23:37","slug":"administracion-y-gestion-de-cuotas-partes-pensionales-y-jubilatorias","status":"publish","type":"page","link":"http:\/\/ingepens.com\/index.php\/administracion-y-gestion-de-cuotas-partes-pensionales-y-jubilatorias\/","title":{"rendered":"Administraci\u00f3n y Gesti\u00f3n de cuotas partes pensionales y jubilatorias"},"content":{"rendered":"\n<ul>\n<li>Atenci\u00f3n a los procesos, tr\u00e1mites y requerimientos de informaci\u00f3n respecto de la determinaci\u00f3n y cuantificaci\u00f3n de las cuotas partes jubilatorias a cargo y a favor de la Entidad.<\/li>\n\n\n\n<li>Documentaci\u00f3n de las obligaciones pensionales por cobrar y por pagar.<\/li>\n\n\n\n<li>Liquidaciones individuales y generales de cuotas partes pensionales.<\/li>\n\n\n\n<li>Procesos de conciliaci\u00f3n de saldos.<\/li>\n\n\n\n<li>Validaci\u00f3n de informaci\u00f3n para aplicaci\u00f3n de pagos.<\/li>\n\n\n\n<li>An\u00e1lisis de casos para la atenci\u00f3n de consultas de cuotas partes pensionales.<\/li>\n\n\n\n<li>Proyecci\u00f3n de actos administrativos para el reconocimiento de obligaciones en la materia.<\/li>\n\n\n\n<li>Apoyo a la gesti\u00f3n para la compensaci\u00f3n de obligaciones por concepto de cuotas partes vencidas y futuras con cargo a recursos del Fondo Nacional de Pensiones de las Entidades Territoriales FONPET.<\/li>\n\n\n\n<li>Registro de obligaciones pensionales por concepto de cuotas partes en la plataforma PASIVOCOL.<\/li>\n<\/ul>\n","protected":false},"excerpt":{"rendered":"","protected":false},"author":1,"featured_media":70,"parent":0,"menu_order":0,"comment_status":"closed","ping_status":"closed","template":"","meta":{"footnotes":""},"_links":{"self":[{"href":"http:\/\/ingepens.com\/index.php\/wp-json\/wp\/v2\/pages\/69"}],"collection":[{"href":"http:\/\/ingepens.com\/index.php\/wp-json\/wp\/v2\/pages"}],"about":[{"href":"http:\/\/ingepens.com\/index.php\/wp-json\/wp\/v2\/types\/page"}],"author":[{"embeddable":true,"href":"http:\/\/ingepens.com\/index.php\/wp-json\/wp\/v2\/users\/1"}],"replies":[{"embeddable":true,"href":"http:\/\/ingepens.com\/index.php\/wp-json\/wp\/v2\/comments?post=69"}],"version-history":[{"count":1,"href":"http:\/\/ingepens.com\/index.php\/wp-json\/wp\/v2\/pages\/69\/revisions"}],"predecessor-version":[{"id":71,"href":"http:\/\/ingepens.com\/index.php\/wp-json\/wp\/v2\/pages\/69\/revisions\/71"}],"wp:featuredmedia":[{"embeddable":true,"href":"http:\/\/ingepens.com\/index.php\/wp-json\/wp\/v2\/media\/70"}],"wp:attachment":[{"href":"http:\/\/ingepens.com\/index.php\/wp-json\/wp\/v2\/media?parent=69"}],"curies":[{"name":"wp","href":"https:\/\/api.w.org\/{rel}","templated":true}]}}