{"id":65,"date":"2023-11-06T14:11:24","date_gmt":"2023-11-06T19:11:24","guid":{"rendered":"http:\/\/ingepens.com\/?page_id=65"},"modified":"2023-11-06T14:12:03","modified_gmt":"2023-11-06T19:12:03","slug":"administracion-y-gestion-de-los-bonos-pensionales","status":"publish","type":"page","link":"http:\/\/ingepens.com\/index.php\/administracion-y-gestion-de-los-bonos-pensionales\/","title":{"rendered":"Administraci\u00f3n y Gesti\u00f3n de los Bonos Pensionales"},"content":{"rendered":"\n<ul>\n<li>Atenci\u00f3n a los requerimientos de reconocimientos de bonos pensionales cualquiera sea su tipo, a saber: Tipo A modalidad 1 y 2, Tipo B, Tipo C y Tipo T.<\/li>\n<\/ul>\n\n\n\n<ul>\n<li>An\u00e1lisis de casos, documentaci\u00f3n, procesos de liquidaciones provisionales y definitivas de los bonos pensionales.<\/li>\n<\/ul>\n\n\n\n<ul>\n<li>Proyecci\u00f3n de actos administrativos para la emisi\u00f3n y redenci\u00f3n de los bonos pensionales.<\/li>\n<\/ul>\n\n\n\n<ul>\n<li>Registro de tr\u00e1mites en el Sistema Interactivo Central de Bonos Pensionales del Ministerio de Hacienda y Cr\u00e9dito P\u00fablico.<\/li>\n<\/ul>\n\n\n\n<ul>\n<li>Generaci\u00f3n de documentos para el tr\u00e1mite de redenci\u00f3n de los bonos pensionales con cargo a recursos del Fondo Nacional de Pensiones de las Entidades Territoriales FONPET.<\/li>\n<\/ul>\n","protected":false},"excerpt":{"rendered":"","protected":false},"author":1,"featured_media":67,"parent":0,"menu_order":0,"comment_status":"closed","ping_status":"closed","template":"","meta":{"footnotes":""},"_links":{"self":[{"href":"http:\/\/ingepens.com\/index.php\/wp-json\/wp\/v2\/pages\/65"}],"collection":[{"href":"http:\/\/ingepens.com\/index.php\/wp-json\/wp\/v2\/pages"}],"about":[{"href":"http:\/\/ingepens.com\/index.php\/wp-json\/wp\/v2\/types\/page"}],"author":[{"embeddable":true,"href":"http:\/\/ingepens.com\/index.php\/wp-json\/wp\/v2\/users\/1"}],"replies":[{"embeddable":true,"href":"http:\/\/ingepens.com\/index.php\/wp-json\/wp\/v2\/comments?post=65"}],"version-history":[{"count":1,"href":"http:\/\/ingepens.com\/index.php\/wp-json\/wp\/v2\/pages\/65\/revisions"}],"predecessor-version":[{"id":66,"href":"http:\/\/ingepens.com\/index.php\/wp-json\/wp\/v2\/pages\/65\/revisions\/66"}],"wp:featuredmedia":[{"embeddable":true,"href":"http:\/\/ingepens.com\/index.php\/wp-json\/wp\/v2\/media\/67"}],"wp:attachment":[{"href":"http:\/\/ingepens.com\/index.php\/wp-json\/wp\/v2\/media?parent=65"}],"curies":[{"name":"wp","href":"https:\/\/api.w.org\/{rel}","templated":true}]}}