{"id":56,"date":"2023-11-06T13:32:38","date_gmt":"2023-11-06T18:32:38","guid":{"rendered":"http:\/\/ingepens.com\/?page_id=56"},"modified":"2023-11-06T13:32:38","modified_gmt":"2023-11-06T18:32:38","slug":"fondo-territorial-de-pensiones-de-las-entidades-territoriales-fonpet","status":"publish","type":"page","link":"http:\/\/ingepens.com\/index.php\/fondo-territorial-de-pensiones-de-las-entidades-territoriales-fonpet\/","title":{"rendered":"Fondo Territorial de Pensiones de las Entidades Territoriales FONPET"},"content":{"rendered":"\n<p>Realizamos el acompa\u00f1amiento y participaci\u00f3n en la puesta a punto de los procesos y actividades a realizar o alistamiento de la Entidad Territorial, tr\u00e1mites, presentaci\u00f3n de requisitos habilitantes, gestiones y generaci\u00f3n de documentos para la solicitud de desembolsos de recursos FONPET, para los diferentes conceptos posibles a la fecha, a saber: pago de obligaciones por concepto bonos o cuotas partes de bonos pensionales, pago de obligaciones por concepto de cuotas partes jubilatorias y\/o pensionales vencidas y futuras, para el pago de los pasivos corrientes (n\u00f3mina de pensionados), excedentes de los sectores salud, educaci\u00f3n y prop\u00f3sito general.<\/p>\n","protected":false},"excerpt":{"rendered":"<p>Realizamos el acompa\u00f1amiento y participaci\u00f3n en la puesta a punto de los procesos y actividades a realizar o alistamiento de la Entidad Territorial, tr\u00e1mites, presentaci\u00f3n de requisitos habilitantes, gestiones y generaci\u00f3n de documentos para la solicitud de desembolsos de recursos FONPET, para los diferentes conceptos posibles a la fecha, a saber: pago de obligaciones por &hellip; <\/p>\n<div class=\"link-more text-center\"><a href=\"http:\/\/ingepens.com\/index.php\/fondo-territorial-de-pensiones-de-las-entidades-territoriales-fonpet\/\" class=\"more-link py-2 px-4\">Read More<span class=\"screen-reader-text\"> &#8220;Fondo Territorial de Pensiones de las Entidades Territoriales FONPET&#8221;<\/span><\/a><\/div>\n","protected":false},"author":1,"featured_media":57,"parent":0,"menu_order":0,"comment_status":"closed","ping_status":"closed","template":"","meta":{"footnotes":""},"_links":{"self":[{"href":"http:\/\/ingepens.com\/index.php\/wp-json\/wp\/v2\/pages\/56"}],"collection":[{"href":"http:\/\/ingepens.com\/index.php\/wp-json\/wp\/v2\/pages"}],"about":[{"href":"http:\/\/ingepens.com\/index.php\/wp-json\/wp\/v2\/types\/page"}],"author":[{"embeddable":true,"href":"http:\/\/ingepens.com\/index.php\/wp-json\/wp\/v2\/users\/1"}],"replies":[{"embeddable":true,"href":"http:\/\/ingepens.com\/index.php\/wp-json\/wp\/v2\/comments?post=56"}],"version-history":[{"count":1,"href":"http:\/\/ingepens.com\/index.php\/wp-json\/wp\/v2\/pages\/56\/revisions"}],"predecessor-version":[{"id":58,"href":"http:\/\/ingepens.com\/index.php\/wp-json\/wp\/v2\/pages\/56\/revisions\/58"}],"wp:featuredmedia":[{"embeddable":true,"href":"http:\/\/ingepens.com\/index.php\/wp-json\/wp\/v2\/media\/57"}],"wp:attachment":[{"href":"http:\/\/ingepens.com\/index.php\/wp-json\/wp\/v2\/media?parent=56"}],"curies":[{"name":"wp","href":"https:\/\/api.w.org\/{rel}","templated":true}]}}