{"id":53,"date":"2023-11-06T12:49:22","date_gmt":"2023-11-06T17:49:22","guid":{"rendered":"http:\/\/ingepens.com\/?page_id=53"},"modified":"2023-11-06T12:49:22","modified_gmt":"2023-11-06T17:49:22","slug":"servicios","status":"publish","type":"page","link":"http:\/\/ingepens.com\/index.php\/servicios\/","title":{"rendered":"Servicios"},"content":{"rendered":"\n<p>Somos un equipo de trabajo conformado por profesionales expertos en el \u00e1rea de la administraci\u00f3n de los recursos de su entidad, gesti\u00f3n de Fonpet y Pasivos Pensionales.<\/p>\n\n\n\n<p>Con el objetivo de brindar Asesor\u00eda y apoyo a la gesti\u00f3n en materia de:<\/p>\n\n\n\n<ul>\n<li>Aclaraci\u00f3n sobre el estado de la entidad del C\u00e1lculo Actuarial y su pasivo pensional<\/li>\n\n\n\n<li>Asesor\u00eda sobre el desahorro de recursos excedentes del Fondo Nacional de Pensiones de las entidades territoriales y retiros para el pago de obligaciones pensionales -FONPET-<\/li>\n\n\n\n<li>Administraci\u00f3n y gesti\u00f3n de los bonos pensionales<\/li>\n\n\n\n<li>Administraci\u00f3n y gesti\u00f3n de las cuotas partes pensionales<\/li>\n\n\n\n<li>Administraci\u00f3n de la Plataforma de Certificaci\u00f3n Electr\u00f3nica de Tiempos Laborados y\/o Cotizados CETIL que coordina la Oficina de Bonos Pensionales del MHCP<\/li>\n\n\n\n<li>Administraci\u00f3n del Sistema PASIVOCOL<\/li>\n\n\n\n<li>Asesor\u00eda en el proceso de mesadas pensionales Fonpet.<\/li>\n\n\n\n<li>Indemnizaciones Sustitutivas de pensi\u00f3n de vejez y de sobrevivencia<\/li>\n\n\n\n<li>Solicitudes de prestaciones econ\u00f3micas frente al Sistema General de Pensiones.<\/li>\n<\/ul>\n","protected":false},"excerpt":{"rendered":"<p>Somos un equipo de trabajo conformado por profesionales expertos en el \u00e1rea de la administraci\u00f3n de los recursos de su entidad, gesti\u00f3n de Fonpet y Pasivos Pensionales. Con el objetivo de brindar Asesor\u00eda y apoyo a la gesti\u00f3n en materia de:<\/p>\n","protected":false},"author":1,"featured_media":54,"parent":0,"menu_order":0,"comment_status":"closed","ping_status":"closed","template":"","meta":{"footnotes":""},"_links":{"self":[{"href":"http:\/\/ingepens.com\/index.php\/wp-json\/wp\/v2\/pages\/53"}],"collection":[{"href":"http:\/\/ingepens.com\/index.php\/wp-json\/wp\/v2\/pages"}],"about":[{"href":"http:\/\/ingepens.com\/index.php\/wp-json\/wp\/v2\/types\/page"}],"author":[{"embeddable":true,"href":"http:\/\/ingepens.com\/index.php\/wp-json\/wp\/v2\/users\/1"}],"replies":[{"embeddable":true,"href":"http:\/\/ingepens.com\/index.php\/wp-json\/wp\/v2\/comments?post=53"}],"version-history":[{"count":1,"href":"http:\/\/ingepens.com\/index.php\/wp-json\/wp\/v2\/pages\/53\/revisions"}],"predecessor-version":[{"id":55,"href":"http:\/\/ingepens.com\/index.php\/wp-json\/wp\/v2\/pages\/53\/revisions\/55"}],"wp:featuredmedia":[{"embeddable":true,"href":"http:\/\/ingepens.com\/index.php\/wp-json\/wp\/v2\/media\/54"}],"wp:attachment":[{"href":"http:\/\/ingepens.com\/index.php\/wp-json\/wp\/v2\/media?parent=53"}],"curies":[{"name":"wp","href":"https:\/\/api.w.org\/{rel}","templated":true}]}}