{"id":13,"date":"2023-11-05T13:00:58","date_gmt":"2023-11-05T18:00:58","guid":{"rendered":"http:\/\/ingepens.com\/?page_id=13"},"modified":"2023-11-07T19:52:23","modified_gmt":"2023-11-08T00:52:23","slug":"nosotros","status":"publish","type":"page","link":"http:\/\/ingepens.com\/index.php\/nosotros\/","title":{"rendered":"Nosotros"},"content":{"rendered":"\n<p><\/p>\n\n\n\n<div class=\"wp-block-columns is-layout-flex wp-container-4 wp-block-columns-is-layout-flex\">\n<div class=\"wp-block-column is-layout-flow wp-block-column-is-layout-flow\" style=\"flex-basis:100%\">\n<div class=\"wp-block-columns is-layout-flex wp-container-2 wp-block-columns-is-layout-flex\">\n<div class=\"wp-block-column is-layout-flow wp-block-column-is-layout-flow\" style=\"flex-basis:100%\">\n<table><tbody><tr><td colspan=\"2\" style=\"color:#f97d4d\"><strong>NUESTRO PERSONAL \u2013 INGENIERIA PENSIONAL \u2013 INGEPENS:<\/strong><br><br><\/td><\/tr><tr><td><\/td><td style=\"border-left-color:#f97d4d;border-left-width:4px;padding-left:10px;\">Nuestro Personal cuenta con experiencia altamente reconocida por el desempe\u00f1o durante 20 a\u00f1os en el Ministerio de Hacienda y Cr\u00e9dito p\u00fablico algunos como agente regional de las entidades territoriales, descentralizadas y hospitalarias, en la que se tuvo la oportunidad de crecer profesionalmente, lo que garantiza el dominio y conocimiento amplio del proyecto de Historias Laborales, pasivos pensionales y afines.<br>Ingenieros de Sistemas de m\u00e1s de 25 a\u00f1os de experiencia, altamente orgullosos de su carrera, buscando resolver los problemas que pueda presentar cualquier empresa publica o privada.<\/td><\/tr><tr><td colspan=\"2\" style=\"color:#f97d4d\"><br><\/tr><tr><td colspan=\"2\" style=\"color:#f97d4d\"><strong>EL EQUIPO:<\/strong><br><br><\/td><\/tr><tr><td><\/td><td style=\"border-left-color:#f97d4d;border-left-width:4px;padding-left:10px;\">La Empresa es mucho m\u00e1s que una persona y una sola experiencia, INGEPENS somos varios profesionales con amplia experiencia en resoluci\u00f3n de problemas; es un equipo de trabajo muy profesional con amplia experiencia en los temas relacionados en con pensiones y seguridad social, totalmente dispuesto a cubrir las necesidades de cualquier entidad que requiera de nuestros servicios.<\/td><\/tr><tr><td colspan=\"2\" style=\"color:#f97d4d\"><br><\/tr><tr><td colspan=\"2\" style=\"color:#f97d4d\"><strong>INGENIERIA PENSIONAL:<\/strong><br><br><\/td><\/tr><tr><td>&nbsp;&nbsp;&nbsp;&nbsp;&nbsp;<\/td><td style=\"border-left-color:#f97d4d;border-left-width:4px;padding-left:10px;\">La palabra inicial es ENGINE que significa \u00abingenio\u00bb por invento o m\u00e1quina inventada. De ah\u00ed se desprende ingeniero.<br>Ingenio viene del lat\u00edn \u00abingenium\u00bb = Facultad del hombre para discurrir o inventar con prontitud y facilidad. (Diccionario de la RAE); Hombre que discurre con ingenio las trazas y modos de conseguir o ejecutar algo.<br>Ingeniero: dentro de su \u00e1rea de preparaci\u00f3n, aplica su ingenio para dar soluciones eficaces a planteamientos pr\u00e1cticos y existentes en una empresa. Lo anterior nos indica que el ingeniero est\u00e1 \u00edntimamente ligado a la soluci\u00f3n ingeniosa que coadyuve a mejorar la competitividad de la empresa o instituci\u00f3n para la que trabaja.<br>La ingenier\u00eda pensional, servicio que ofrecemos es darle la oportunidad a nuestros clientes de resolver todos los problemas que puedan estar presentando en seguridad social de una manera ingeniosa, buscando asegurar la solvencia a las empresas asegurando las responsabilidades pensionales que tenga la misma.<\/td><\/tr><tr><td colspan=\"2\" style=\"color:#f97d4d\"><br><\/tr><\/tbody><\/table>\n<\/div>\n<\/div>\n<\/div>\n<\/div>\n","protected":false},"excerpt":{"rendered":"<p>NUESTRO PERSONAL \u2013 INGENIERIA PENSIONAL \u2013 INGEPENS: Nuestro Personal cuenta con experiencia altamente reconocida por el desempe\u00f1o durante 20 a\u00f1os en el Ministerio de Hacienda y Cr\u00e9dito p\u00fablico algunos como agente regional de las entidades territoriales, descentralizadas y hospitalarias, en la que se tuvo la oportunidad de crecer profesionalmente, lo que garantiza el dominio y &hellip; <\/p>\n<div class=\"link-more text-center\"><a href=\"http:\/\/ingepens.com\/index.php\/nosotros\/\" class=\"more-link py-2 px-4\">Read More<span class=\"screen-reader-text\"> &#8220;Nosotros&#8221;<\/span><\/a><\/div>\n","protected":false},"author":1,"featured_media":85,"parent":0,"menu_order":0,"comment_status":"closed","ping_status":"closed","template":"","meta":{"footnotes":""},"_links":{"self":[{"href":"http:\/\/ingepens.com\/index.php\/wp-json\/wp\/v2\/pages\/13"}],"collection":[{"href":"http:\/\/ingepens.com\/index.php\/wp-json\/wp\/v2\/pages"}],"about":[{"href":"http:\/\/ingepens.com\/index.php\/wp-json\/wp\/v2\/types\/page"}],"author":[{"embeddable":true,"href":"http:\/\/ingepens.com\/index.php\/wp-json\/wp\/v2\/users\/1"}],"replies":[{"embeddable":true,"href":"http:\/\/ingepens.com\/index.php\/wp-json\/wp\/v2\/comments?post=13"}],"version-history":[{"count":13,"href":"http:\/\/ingepens.com\/index.php\/wp-json\/wp\/v2\/pages\/13\/revisions"}],"predecessor-version":[{"id":84,"href":"http:\/\/ingepens.com\/index.php\/wp-json\/wp\/v2\/pages\/13\/revisions\/84"}],"wp:featuredmedia":[{"embeddable":true,"href":"http:\/\/ingepens.com\/index.php\/wp-json\/wp\/v2\/media\/85"}],"wp:attachment":[{"href":"http:\/\/ingepens.com\/index.php\/wp-json\/wp\/v2\/media?parent=13"}],"curies":[{"name":"wp","href":"https:\/\/api.w.org\/{rel}","templated":true}]}}